{"id":6,"date":"2023-06-21T21:07:51","date_gmt":"2023-06-21T21:07:51","guid":{"rendered":"https:\/\/test1.vietdocs.org\/?page_id=6"},"modified":"2023-06-21T21:09:59","modified_gmt":"2023-06-21T21:09:59","slug":"dang-nhap-thong-tin-thac-ban","status":"publish","type":"page","link":"https:\/\/test1.vietdocs.org\/index.php\/dang-nhap-thong-tin-thac-ban\/","title":{"rendered":"\u0110\u0103ng nh\u1eadp th\u00f4ng tin th\u00e1c b\u1ea3n"},"content":{"rendered":"<script type=\"text\/javascript\">var gform;gform||(document.addEventListener(\"gform_main_scripts_loaded\",function(){gform.scriptsLoaded=!0}),window.addEventListener(\"DOMContentLoaded\",function(){gform.domLoaded=!0}),gform={domLoaded:!1,scriptsLoaded:!1,initializeOnLoaded:function(o){gform.domLoaded&&gform.scriptsLoaded?o():!gform.domLoaded&&gform.scriptsLoaded?window.addEventListener(\"DOMContentLoaded\",o):document.addEventListener(\"gform_main_scripts_loaded\",o)},hooks:{action:{},filter:{}},addAction:function(o,n,r,t){gform.addHook(\"action\",o,n,r,t)},addFilter:function(o,n,r,t){gform.addHook(\"filter\",o,n,r,t)},doAction:function(o){gform.doHook(\"action\",o,arguments)},applyFilters:function(o){return gform.doHook(\"filter\",o,arguments)},removeAction:function(o,n){gform.removeHook(\"action\",o,n)},removeFilter:function(o,n,r){gform.removeHook(\"filter\",o,n,r)},addHook:function(o,n,r,t,i){null==gform.hooks[o][n]&&(gform.hooks[o][n]=[]);var e=gform.hooks[o][n];null==i&&(i=n+\"_\"+e.length),gform.hooks[o][n].push({tag:i,callable:r,priority:t=null==t?10:t})},doHook:function(n,o,r){var t;if(r=Array.prototype.slice.call(r,1),null!=gform.hooks[n][o]&&((o=gform.hooks[n][o]).sort(function(o,n){return o.priority-n.priority}),o.forEach(function(o){\"function\"!=typeof(t=o.callable)&&(t=window[t]),\"action\"==n?t.apply(null,r):r[0]=t.apply(null,r)})),\"filter\"==n)return r[0]},removeHook:function(o,n,t,i){var r;null!=gform.hooks[o][n]&&(r=(r=gform.hooks[o][n]).filter(function(o,n,r){return!!(null!=i&&i!=o.tag||null!=t&&t!=o.priority)}),gform.hooks[o][n]=r)}});<\/script>\n                <div class='gf_browser_gecko gform_wrapper gravity-theme gform-theme--no-framework' data-form-theme='gravity-theme' data-form-index='0' id='gform_wrapper_2' >\n                        <div class='gform_heading'>\n                            <h2 class=\"gform_title\">Vietnamese Inscription Entry Form<\/h2>\n                            <p class='gform_description'><\/p>\n                        <\/div><form method='post' enctype='multipart\/form-data'  id='gform_2'  action='\/index.php\/wp-json\/wp\/v2\/pages\/6' data-formid='2' >\n                        <div class='gform-body gform_body'><div id='gform_fields_2' class='gform_fields top_label form_sublabel_above description_above'><div id=\"field_2_37\"  class=\"gfield gfield--type-text gfield--width-quarter gfield_contains_required field_sublabel_above gfield--no-description field_description_above gfield_visibility_visible\"  data-js-reload=\"field_2_37\"><label class='gfield_label gform-field-label' for='input_2_37' >K\u00fd Hi\u1ec7u<span class=\"gfield_required\"><span class=\"gfield_required gfield_required_text\">(Required)<\/span><\/span><\/label><div class='ginput_container ginput_container_text'><input name='input_37' id='input_2_37' type='text' value='' class='small'    placeholder='0001' aria-required=\"true\" aria-invalid=\"false\"   \/> <\/div><\/div><div class=\"spacer gfield\" style=\"grid-column: span 9;\"><\/div><fieldset id=\"field_2_45\"  class=\"gfield gfield--type-name gfield--width-five-twelfths field_sublabel_above gfield--no-description field_description_above gfield_visibility_visible\"  data-js-reload=\"field_2_45\"><legend class='gfield_label gform-field-label gfield_label_before_complex'  >T\u00ean Bia<\/legend><div class='ginput_complex ginput_container ginput_container--name no_prefix has_first_name no_middle_name has_last_name no_suffix gf_name_has_2 ginput_container_name gform-grid-row' id='input_2_45'>\n                            \n                            <span id='input_2_45_3_container' class='name_first gform-grid-col gform-grid-col--size-auto' >\n                                                    <label for='input_2_45_3' class='gform-field-label gform-field-label--type-sub '>Qu\u1ed1c Ng\u1eef<\/label>\n                                                    <input type='text' name='input_45.3' id='input_2_45_3' value=''   aria-required='false'   placeholder='H\u1eadu Ph\u1eadt Bi K\u00fd'  \/>\n                                                <\/span>\n                            \n                            <span id='input_2_45_6_container' class='name_last gform-grid-col gform-grid-col--size-auto' >\n                                                            <label for='input_2_45_6' class='gform-field-label gform-field-label--type-sub '>H\u00e1n N\u00f4m<\/label>\n                                                            <input type='text' name='input_45.6' id='input_2_45_6' value=''   aria-required='false'   placeholder='\u540e\u4f5b\u7891\u8a18'  \/>\n                                                        <\/span>\n                            \n                        <\/div><\/fieldset><div class=\"spacer gfield\" style=\"grid-column: span 7;\"><\/div><fieldset id=\"field_2_46\"  class=\"gfield gfield--type-name gfield--width-full field_sublabel_above gfield--no-description field_description_above gfield_visibility_visible\"  data-js-reload=\"field_2_46\"><legend class='gfield_label gform-field-label gfield_label_before_complex'  >Th\u00e1c b\u1ea3n bia t\u1ea1i<\/legend><div class='ginput_complex ginput_container ginput_container--name no_prefix has_first_name no_middle_name has_last_name no_suffix gf_name_has_2 ginput_container_name gform-grid-row' id='input_2_46'>\n                            \n                            <span id='input_2_46_3_container' class='name_first gform-grid-col gform-grid-col--size-auto' >\n                                                    <label for='input_2_46_3' class='gform-field-label gform-field-label--type-sub '>Qu\u1ed1c Ng\u1eef<\/label>\n                                                    <input type='text' name='input_46.3' id='input_2_46_3' value=''   aria-required='false'     \/>\n                                                <\/span>\n                            \n                            <span id='input_2_46_6_container' class='name_last gform-grid-col gform-grid-col--size-auto' >\n                                                            <label for='input_2_46_6' class='gform-field-label gform-field-label--type-sub '>H\u00e1n N\u00f4m<\/label>\n                                                            <input type='text' name='input_46.6' id='input_2_46_6' value=''   aria-required='false'     \/>\n                                                        <\/span>\n                            \n                        <\/div><\/fieldset><div id=\"field_2_17\"  class=\"gfield gfield--type-text gfield--width-third field_sublabel_above gfield--no-description field_description_above gfield_visibility_visible\"  data-js-reload=\"field_2_17\"><label class='gfield_label gform-field-label' for='input_2_17' >S\u01b0u t\u1ea7m t\u1ea1i<\/label><div class='ginput_container ginput_container_text'><input name='input_17' id='input_2_17' type='text' value='' class='large'    placeholder='ch\u00f9a Nguy\u1ec7t Quang x\u00e3 L\u00e2m Du huy\u1ec7n Gia L\u00e2m t\u1ec9nh B\u1eafc Ninh'  aria-invalid=\"false\"   \/> <\/div><\/div><div class=\"spacer gfield\" style=\"grid-column: span 8;\"><\/div><div id=\"field_2_35\"  class=\"gfield gfield--type-textarea gfield--width-five-twelfths field_sublabel_above gfield--no-description field_description_above gfield_visibility_visible\"  data-js-reload=\"field_2_35\"><label class='gfield_label gform-field-label' for='input_2_35' >Th\u00f4ng tin th\u00e1c b\u1ea3n<\/label><div class='ginput_container ginput_container_textarea'><div id=\"wp-input_2_35-wrap\" class=\"wp-core-ui wp-editor-wrap tmce-active\"><link rel='stylesheet' id='dashicons-css' href='https:\/\/test1.vietdocs.org\/wp-includes\/css\/dashicons.min.css?ver=6.9.4' media='all' \/>\n<link rel='stylesheet' id='editor-buttons-css' href='https:\/\/test1.vietdocs.org\/wp-includes\/css\/editor.min.css?ver=6.9.4' media='all' \/>\n<div id=\"wp-input_2_35-editor-container\" class=\"wp-editor-container\"><textarea class=\"small wp-editor-area\" style=\"height: 110px\" autocomplete=\"off\" cols=\"40\" name=\"input_35\" id=\"input_2_35\"><\/textarea><\/div>\n<\/div>\n\n<\/div><\/div><div class=\"spacer gfield\" style=\"grid-column: span 7;\"><\/div><div id=\"field_2_21\"  class=\"gfield gfield--type-text gfield--width-quarter field_sublabel_above gfield--no-description field_description_above gfield_visibility_visible\"  data-js-reload=\"field_2_21\"><label class='gfield_label gform-field-label' for='input_2_21' >Ni\u00ean \u0110\u1ea1i<\/label><div class='ginput_container ginput_container_text'><input name='input_21' id='input_2_21' type='text' value='' class='large'    placeholder='C\u1ea3nh H\u01b0ng, n\u00e3m B\u00ednh Th\u00e2n (1776)'  aria-invalid=\"false\"   \/> <\/div><\/div><div class=\"spacer gfield\" style=\"grid-column: span 9;\"><\/div><div id=\"field_2_36\"  class=\"gfield gfield--type-textarea gfield--width-five-twelfths field_sublabel_above gfield--no-description field_description_above gfield_visibility_visible\"  data-js-reload=\"field_2_36\"><label class='gfield_label gform-field-label' for='input_2_36' >Ng\u01b0\u1eddi so\u1ea1n v\u00e0 vi\u1ebft ch\u1eef<\/label><div class='ginput_container ginput_container_textarea'><div id=\"wp-input_2_36-wrap\" class=\"wp-core-ui wp-editor-wrap tmce-active\"><div id=\"wp-input_2_36-editor-container\" class=\"wp-editor-container\"><textarea class=\"medium wp-editor-area\" style=\"height: 180px\" autocomplete=\"off\" cols=\"40\" name=\"input_36\" id=\"input_2_36\"><\/textarea><\/div>\n<\/div>\n\n<\/div><\/div><div class=\"spacer gfield\" style=\"grid-column: span 7;\"><\/div><div id=\"field_2_29\"  class=\"gfield gfield--type-textarea gfield--width-five-twelfths field_sublabel_above gfield--no-description field_description_above gfield_visibility_visible\"  data-js-reload=\"field_2_29\"><label class='gfield_label gform-field-label' for='input_2_29' >Ch\u1ee7 \u0110\u1ec1<\/label><div class='ginput_container ginput_container_textarea'><div id=\"wp-input_2_29-wrap\" class=\"wp-core-ui wp-editor-wrap tmce-active\"><div id=\"wp-input_2_29-editor-container\" class=\"wp-editor-container\"><textarea class=\"medium wp-editor-area\" style=\"height: 180px\" autocomplete=\"off\" cols=\"40\" name=\"input_29\" id=\"input_2_29\"><\/textarea><\/div>\n<\/div>\n\n<\/div><\/div><div class=\"spacer gfield\" style=\"grid-column: span 7;\"><\/div><div id=\"field_2_26\"  class=\"gfield gfield--type-textarea gfield--width-five-twelfths field_sublabel_above gfield--no-description field_description_above gfield_visibility_visible\"  data-js-reload=\"field_2_26\"><label class='gfield_label gform-field-label' for='input_2_26' >T\u00f3m t\u1eaft N\u1ed9i dung<\/label><div class='ginput_container ginput_container_textarea'><div id=\"wp-input_2_26-wrap\" class=\"wp-core-ui wp-editor-wrap tmce-active\"><div id=\"wp-input_2_26-editor-container\" class=\"wp-editor-container\"><textarea class=\"medium wp-editor-area\" style=\"height: 180px\" autocomplete=\"off\" cols=\"40\" name=\"input_26\" id=\"input_2_26\"><\/textarea><\/div>\n<\/div>\n\n<\/div><\/div><div class=\"spacer gfield\" style=\"grid-column: span 7;\"><\/div><div id=\"field_2_31\"  class=\"gfield gfield--type-textarea gfield--width-five-sixths field_sublabel_above gfield--no-description field_description_above gfield_visibility_visible\"  data-js-reload=\"field_2_31\"><label class='gfield_label gform-field-label' for='input_2_31' >To\u00e0n b\u1ed9 N\u1ed9i dung<\/label><div class='ginput_container ginput_container_textarea'><div id=\"wp-input_2_31-wrap\" class=\"wp-core-ui wp-editor-wrap tmce-active\"><div id=\"wp-input_2_31-editor-container\" class=\"wp-editor-container\"><textarea class=\"large wp-editor-area\" style=\"height: 280px\" autocomplete=\"off\" cols=\"40\" name=\"input_31\" id=\"input_2_31\"><\/textarea><\/div>\n<\/div>\n\n<\/div><\/div><div class=\"spacer gfield\" style=\"grid-column: span 2;\"><\/div><div id=\"field_2_38\"  class=\"gfield gfield--type-fileupload gfield--width-full field_sublabel_above gfield--no-description field_description_above gfield_visibility_visible\"  data-js-reload=\"field_2_38\"><label class='gfield_label gform-field-label' for='gform_browse_button_2_38' >H\u00ecnh<\/label><div class='ginput_container ginput_container_fileupload'><div id='gform_multifile_upload_2_38' data-settings='{&quot;runtimes&quot;:&quot;html5,flash,html4&quot;,&quot;browse_button&quot;:&quot;gform_browse_button_2_38&quot;,&quot;container&quot;:&quot;gform_multifile_upload_2_38&quot;,&quot;drop_element&quot;:&quot;gform_drag_drop_area_2_38&quot;,&quot;filelist&quot;:&quot;gform_preview_2_38&quot;,&quot;unique_names&quot;:true,&quot;file_data_name&quot;:&quot;file&quot;,&quot;url&quot;:&quot;https:\\\/\\\/test1.vietdocs.org\\\/?gf_page=5419678b73d8830&quot;,&quot;flash_swf_url&quot;:&quot;https:\\\/\\\/test1.vietdocs.org\\\/wp-includes\\\/js\\\/plupload\\\/plupload.flash.swf&quot;,&quot;silverlight_xap_url&quot;:&quot;https:\\\/\\\/test1.vietdocs.org\\\/wp-includes\\\/js\\\/plupload\\\/plupload.silverlight.xap&quot;,&quot;filters&quot;:{&quot;mime_types&quot;:[{&quot;title&quot;:&quot;Allowed Files&quot;,&quot;extensions&quot;:&quot;*&quot;}],&quot;max_file_size&quot;:&quot;134217728b&quot;},&quot;multipart&quot;:true,&quot;urlstream_upload&quot;:false,&quot;multipart_params&quot;:{&quot;form_id&quot;:2,&quot;field_id&quot;:38},&quot;gf_vars&quot;:{&quot;max_files&quot;:0,&quot;message_id&quot;:&quot;gform_multifile_messages_2_38&quot;,&quot;disallowed_extensions&quot;:[&quot;php&quot;,&quot;asp&quot;,&quot;aspx&quot;,&quot;cmd&quot;,&quot;csh&quot;,&quot;bat&quot;,&quot;html&quot;,&quot;htm&quot;,&quot;hta&quot;,&quot;jar&quot;,&quot;exe&quot;,&quot;com&quot;,&quot;js&quot;,&quot;lnk&quot;,&quot;htaccess&quot;,&quot;phtml&quot;,&quot;ps1&quot;,&quot;ps2&quot;,&quot;php3&quot;,&quot;php4&quot;,&quot;php5&quot;,&quot;php6&quot;,&quot;py&quot;,&quot;rb&quot;,&quot;tmp&quot;]}}' class='gform_fileupload_multifile'>\n\t\t\t\t\t\t\t\t\t\t<div id='gform_drag_drop_area_2_38' class='gform_drop_area gform-theme-field-control'>\n\t\t\t\t\t\t\t\t\t\t\t<span class='gform_drop_instructions'>Drop files here or <\/span>\n\t\t\t\t\t\t\t\t\t\t\t<button type='button' id='gform_browse_button_2_38' class='button gform_button_select_files' aria-describedby=\"gfield_upload_rules_2_38\"  >Select files<\/button>\n\t\t\t\t\t\t\t\t\t\t<\/div>\n\t\t\t\t\t\t\t\t\t<\/div><span class='gfield_description gform_fileupload_rules' id='gfield_upload_rules_2_38'>Max. file size: 128 MB.<\/span><ul class='validation_message--hidden-on-empty gform-ul-reset' id='gform_multifile_messages_2_38'><\/ul> <!-- Leave <ul> empty to support CSS :empty selector. --><\/div><div id='gform_preview_2_38' class='ginput_preview_list'><\/div><\/div><\/div><\/div>\n        <div class='gform_footer top_label'> <input type='submit' id='gform_submit_button_2' class='gform_button button' value='Submit'  onclick='if(window[\"gf_submitting_2\"]){return false;}  window[\"gf_submitting_2\"]=true;  ' onkeypress='if( event.keyCode == 13 ){ if(window[\"gf_submitting_2\"]){return false;} window[\"gf_submitting_2\"]=true;  jQuery(\"#gform_2\").trigger(\"submit\",[true]); }' \/> \n            <input type='hidden' class='gform_hidden' name='is_submit_2' value='1' \/>\n            <input type='hidden' class='gform_hidden' name='gform_submit' value='2' \/>\n            \n            <input type='hidden' class='gform_hidden' name='gform_unique_id' value='' \/>\n            <input type='hidden' class='gform_hidden' name='state_2' value='WyJbXSIsIjk3NjM1YzBiNzFmOTI4NGE1ZmE4NWMzNWViOTVhNDk2Il0=' \/>\n            <input type='hidden' class='gform_hidden' name='gform_target_page_number_2' id='gform_target_page_number_2' value='0' \/>\n            <input type='hidden' class='gform_hidden' name='gform_source_page_number_2' id='gform_source_page_number_2' value='1' \/>\n            <input type='hidden' name='gform_field_values' value='' \/>\n            <input type='hidden' name='gform_uploaded_files' id='gform_uploaded_files_2' value='' \/>\n        <\/div>\n                        <\/form>\n                        <\/div><script>\ngform.initializeOnLoaded( function() {gformInitSpinner( 2, 'https:\/\/test1.vietdocs.org\/wp-content\/plugins\/gravityforms\/images\/spinner.svg', true );jQuery('#gform_ajax_frame_2').on('load',function(){var contents = jQuery(this).contents().find('*').html();var is_postback = contents.indexOf('GF_AJAX_POSTBACK') >= 0;if(!is_postback){return;}var form_content = jQuery(this).contents().find('#gform_wrapper_2');var is_confirmation = jQuery(this).contents().find('#gform_confirmation_wrapper_2').length > 0;var is_redirect = contents.indexOf('gformRedirect(){') >= 0;var is_form = form_content.length > 0 && ! is_redirect && ! is_confirmation;var mt = parseInt(jQuery('html').css('margin-top'), 10) + parseInt(jQuery('body').css('margin-top'), 10) + 100;if(is_form){jQuery('#gform_wrapper_2').html(form_content.html());if(form_content.hasClass('gform_validation_error')){jQuery('#gform_wrapper_2').addClass('gform_validation_error');} else {jQuery('#gform_wrapper_2').removeClass('gform_validation_error');}setTimeout( function() { \/* delay the scroll by 50 milliseconds to fix a bug in chrome *\/  }, 50 );if(window['gformInitDatepicker']) {gformInitDatepicker();}if(window['gformInitPriceFields']) {gformInitPriceFields();}var current_page = jQuery('#gform_source_page_number_2').val();gformInitSpinner( 2, 'https:\/\/test1.vietdocs.org\/wp-content\/plugins\/gravityforms\/images\/spinner.svg', true );jQuery(document).trigger('gform_page_loaded', [2, current_page]);window['gf_submitting_2'] = false;}else if(!is_redirect){var confirmation_content = jQuery(this).contents().find('.GF_AJAX_POSTBACK').html();if(!confirmation_content){confirmation_content = contents;}setTimeout(function(){jQuery('#gform_wrapper_2').replaceWith(confirmation_content);jQuery(document).trigger('gform_confirmation_loaded', [2]);window['gf_submitting_2'] = false;wp.a11y.speak(jQuery('#gform_confirmation_message_2').text());}, 50);}else{jQuery('#gform_2').append(contents);if(window['gformRedirect']) {gformRedirect();}}jQuery(document).trigger('gform_post_render', [2, current_page]);gform.utils.trigger({ event: 'gform\/postRender', native: false, data: { formId: 2, currentPage: current_page } });} );} );\n<\/script>\n","protected":false},"excerpt":{"rendered":"","protected":false},"author":1,"featured_media":0,"parent":0,"menu_order":0,"comment_status":"closed","ping_status":"closed","template":"blank","meta":{"footnotes":""},"class_list":["post-6","page","type-page","status-publish","hentry"],"_links":{"self":[{"href":"https:\/\/test1.vietdocs.org\/index.php\/wp-json\/wp\/v2\/pages\/6","targetHints":{"allow":["GET"]}}],"collection":[{"href":"https:\/\/test1.vietdocs.org\/index.php\/wp-json\/wp\/v2\/pages"}],"about":[{"href":"https:\/\/test1.vietdocs.org\/index.php\/wp-json\/wp\/v2\/types\/page"}],"author":[{"embeddable":true,"href":"https:\/\/test1.vietdocs.org\/index.php\/wp-json\/wp\/v2\/users\/1"}],"replies":[{"embeddable":true,"href":"https:\/\/test1.vietdocs.org\/index.php\/wp-json\/wp\/v2\/comments?post=6"}],"version-history":[{"count":2,"href":"https:\/\/test1.vietdocs.org\/index.php\/wp-json\/wp\/v2\/pages\/6\/revisions"}],"predecessor-version":[{"id":9,"href":"https:\/\/test1.vietdocs.org\/index.php\/wp-json\/wp\/v2\/pages\/6\/revisions\/9"}],"wp:attachment":[{"href":"https:\/\/test1.vietdocs.org\/index.php\/wp-json\/wp\/v2\/media?parent=6"}],"curies":[{"name":"wp","href":"https:\/\/api.w.org\/{rel}","templated":true}]}}